{"id":616,"date":"2021-09-21T11:38:48","date_gmt":"2021-09-21T09:38:48","guid":{"rendered":"https:\/\/schwarzeshuhn.de\/?page_id=616"},"modified":"2021-10-04T13:48:24","modified_gmt":"2021-10-04T11:48:24","slug":"braufest-2021","status":"publish","type":"page","link":"https:\/\/schwarzeshuhn.de\/?page_id=616","title":{"rendered":"Braufest 2021"},"content":{"rendered":"\n<p> Wir haben ein tolles Braufest gefeiert! <br>Danke an all unsere G\u00e4ste es hat Spa\u00df gemacht.<br>Danke an Jez King f\u00fcr Musik die alle begeistert hat.<br>Danke an die Frauen vom Kuchenb\u00fcfett f\u00fcr den leckeren Kuchen.<br>Danke an das Team der Kutschstuben f\u00fcr das tolle Essen.<\/p>\n\n\n\n<figure class=\"wp-block-video\"><video controls src=\"https:\/\/schwarzeshuhn.de\/wp-content\/uploads\/2021\/10\/Braufest-2021-1.mp4\"><\/video><figcaption>Impressionen vom Braufest 2021<\/figcaption><\/figure>\n\n\n\n<p><\/p>\n","protected":false},"excerpt":{"rendered":"<p>Wir haben ein tolles Braufest gefeiert! Danke an all unsere G\u00e4ste es hat Spa\u00df gemacht.Danke an Jez King f\u00fcr Musik die alle begeistert hat.Danke an die Frauen vom Kuchenb\u00fcfett f\u00fcr den leckeren Kuchen.Danke an das Team der Kutschstuben f\u00fcr das tolle Essen.<\/p>\n","protected":false},"author":1,"featured_media":0,"parent":0,"menu_order":0,"comment_status":"closed","ping_status":"closed","template":"","meta":{"footnotes":""},"class_list":["post-616","page","type-page","status-publish","hentry"],"_links":{"self":[{"href":"https:\/\/schwarzeshuhn.de\/index.php?rest_route=\/wp\/v2\/pages\/616"}],"collection":[{"href":"https:\/\/schwarzeshuhn.de\/index.php?rest_route=\/wp\/v2\/pages"}],"about":[{"href":"https:\/\/schwarzeshuhn.de\/index.php?rest_route=\/wp\/v2\/types\/page"}],"author":[{"embeddable":true,"href":"https:\/\/schwarzeshuhn.de\/index.php?rest_route=\/wp\/v2\/users\/1"}],"replies":[{"embeddable":true,"href":"https:\/\/schwarzeshuhn.de\/index.php?rest_route=%2Fwp%2Fv2%2Fcomments&post=616"}],"version-history":[{"count":3,"href":"https:\/\/schwarzeshuhn.de\/index.php?rest_route=\/wp\/v2\/pages\/616\/revisions"}],"predecessor-version":[{"id":756,"href":"https:\/\/schwarzeshuhn.de\/index.php?rest_route=\/wp\/v2\/pages\/616\/revisions\/756"}],"wp:attachment":[{"href":"https:\/\/schwarzeshuhn.de\/index.php?rest_route=%2Fwp%2Fv2%2Fmedia&parent=616"}],"curies":[{"name":"wp","href":"https:\/\/api.w.org\/{rel}","templated":true}]}}