{"id":524,"date":"2021-05-22T14:20:55","date_gmt":"2021-05-22T12:20:55","guid":{"rendered":"https:\/\/schwarzeshuhn.de\/?page_id=524"},"modified":"2021-05-22T14:20:55","modified_gmt":"2021-05-22T12:20:55","slug":"vatertag-2021","status":"publish","type":"page","link":"https:\/\/schwarzeshuhn.de\/?page_id=524","title":{"rendered":"Vatertag 2021"},"content":{"rendered":"\n<p><strong>Danke<\/strong>!<br><strong>an Jez King f\u00fcr die tolle Musik,<br>an die Kutscherstuben f\u00fcr das gute Essen,<br>an unsere G\u00e4ste die alles leer getrunken haben,<br>es war ein sch\u00f6ner Vatertag!<\/strong><\/p>\n\n\n\n<figure class=\"wp-block-gallery columns-3 is-cropped wp-block-gallery-1 is-layout-flex wp-block-gallery-is-layout-flex\"><ul class=\"blocks-gallery-grid\"><li class=\"blocks-gallery-item\"><figure><img loading=\"lazy\" decoding=\"async\" width=\"1024\" height=\"768\" src=\"https:\/\/schwarzeshuhn.de\/wp-content\/uploads\/2021\/05\/P1060382-1024x768.jpg\" alt=\"\" data-id=\"517\" data-full-url=\"https:\/\/schwarzeshuhn.de\/wp-content\/uploads\/2021\/05\/P1060382-scaled.jpg\" data-link=\"https:\/\/schwarzeshuhn.de\/?attachment_id=517\" class=\"wp-image-517\" srcset=\"https:\/\/schwarzeshuhn.de\/wp-content\/uploads\/2021\/05\/P1060382-1024x768.jpg 1024w, https:\/\/schwarzeshuhn.de\/wp-content\/uploads\/2021\/05\/P1060382-300x225.jpg 300w, https:\/\/schwarzeshuhn.de\/wp-content\/uploads\/2021\/05\/P1060382-768x576.jpg 768w, https:\/\/schwarzeshuhn.de\/wp-content\/uploads\/2021\/05\/P1060382-1536x1152.jpg 1536w, https:\/\/schwarzeshuhn.de\/wp-content\/uploads\/2021\/05\/P1060382-2048x1536.jpg 2048w, https:\/\/schwarzeshuhn.de\/wp-content\/uploads\/2021\/05\/P1060382-1200x900.jpg 1200w\" sizes=\"(max-width: 709px) 85vw, (max-width: 909px) 67vw, (max-width: 1362px) 62vw, 840px\" \/><\/figure><\/li><li class=\"blocks-gallery-item\"><figure><img loading=\"lazy\" decoding=\"async\" width=\"1024\" height=\"768\" src=\"https:\/\/schwarzeshuhn.de\/wp-content\/uploads\/2021\/05\/P1060381-1024x768.jpg\" alt=\"\" data-id=\"516\" data-full-url=\"https:\/\/schwarzeshuhn.de\/wp-content\/uploads\/2021\/05\/P1060381-scaled.jpg\" data-link=\"https:\/\/schwarzeshuhn.de\/?attachment_id=516\" class=\"wp-image-516\" srcset=\"https:\/\/schwarzeshuhn.de\/wp-content\/uploads\/2021\/05\/P1060381-1024x768.jpg 1024w, https:\/\/schwarzeshuhn.de\/wp-content\/uploads\/2021\/05\/P1060381-300x225.jpg 300w, https:\/\/schwarzeshuhn.de\/wp-content\/uploads\/2021\/05\/P1060381-768x576.jpg 768w, https:\/\/schwarzeshuhn.de\/wp-content\/uploads\/2021\/05\/P1060381-1536x1152.jpg 1536w, https:\/\/schwarzeshuhn.de\/wp-content\/uploads\/2021\/05\/P1060381-2048x1536.jpg 2048w, https:\/\/schwarzeshuhn.de\/wp-content\/uploads\/2021\/05\/P1060381-1200x900.jpg 1200w\" sizes=\"(max-width: 709px) 85vw, (max-width: 909px) 67vw, (max-width: 1362px) 62vw, 840px\" \/><\/figure><\/li><li class=\"blocks-gallery-item\"><figure><img loading=\"lazy\" decoding=\"async\" width=\"1024\" height=\"768\" src=\"https:\/\/schwarzeshuhn.de\/wp-content\/uploads\/2021\/05\/P1060379-1024x768.jpg\" alt=\"\" data-id=\"515\" data-full-url=\"https:\/\/schwarzeshuhn.de\/wp-content\/uploads\/2021\/05\/P1060379-scaled.jpg\" data-link=\"https:\/\/schwarzeshuhn.de\/?attachment_id=515\" class=\"wp-image-515\" srcset=\"https:\/\/schwarzeshuhn.de\/wp-content\/uploads\/2021\/05\/P1060379-1024x768.jpg 1024w, https:\/\/schwarzeshuhn.de\/wp-content\/uploads\/2021\/05\/P1060379-300x225.jpg 300w, https:\/\/schwarzeshuhn.de\/wp-content\/uploads\/2021\/05\/P1060379-768x576.jpg 768w, https:\/\/schwarzeshuhn.de\/wp-content\/uploads\/2021\/05\/P1060379-1536x1152.jpg 1536w, https:\/\/schwarzeshuhn.de\/wp-content\/uploads\/2021\/05\/P1060379-2048x1536.jpg 2048w, https:\/\/schwarzeshuhn.de\/wp-content\/uploads\/2021\/05\/P1060379-1200x900.jpg 1200w\" sizes=\"(max-width: 709px) 85vw, (max-width: 909px) 67vw, (max-width: 1362px) 62vw, 840px\" \/><\/figure><\/li><li class=\"blocks-gallery-item\"><figure><img loading=\"lazy\" decoding=\"async\" width=\"1024\" height=\"768\" src=\"https:\/\/schwarzeshuhn.de\/wp-content\/uploads\/2021\/05\/P1060378-1024x768.jpg\" alt=\"\" data-id=\"514\" data-full-url=\"https:\/\/schwarzeshuhn.de\/wp-content\/uploads\/2021\/05\/P1060378-scaled.jpg\" data-link=\"https:\/\/schwarzeshuhn.de\/?attachment_id=514\" class=\"wp-image-514\" srcset=\"https:\/\/schwarzeshuhn.de\/wp-content\/uploads\/2021\/05\/P1060378-1024x768.jpg 1024w, https:\/\/schwarzeshuhn.de\/wp-content\/uploads\/2021\/05\/P1060378-300x225.jpg 300w, https:\/\/schwarzeshuhn.de\/wp-content\/uploads\/2021\/05\/P1060378-768x576.jpg 768w, https:\/\/schwarzeshuhn.de\/wp-content\/uploads\/2021\/05\/P1060378-1536x1152.jpg 1536w, https:\/\/schwarzeshuhn.de\/wp-content\/uploads\/2021\/05\/P1060378-2048x1536.jpg 2048w, https:\/\/schwarzeshuhn.de\/wp-content\/uploads\/2021\/05\/P1060378-1200x900.jpg 1200w\" sizes=\"(max-width: 709px) 85vw, (max-width: 909px) 67vw, (max-width: 1362px) 62vw, 840px\" \/><\/figure><\/li><li class=\"blocks-gallery-item\"><figure><img loading=\"lazy\" decoding=\"async\" width=\"1024\" height=\"768\" src=\"https:\/\/schwarzeshuhn.de\/wp-content\/uploads\/2021\/05\/P1060377-1024x768.jpg\" alt=\"\" data-id=\"513\" data-full-url=\"https:\/\/schwarzeshuhn.de\/wp-content\/uploads\/2021\/05\/P1060377-scaled.jpg\" data-link=\"https:\/\/schwarzeshuhn.de\/?attachment_id=513\" class=\"wp-image-513\" srcset=\"https:\/\/schwarzeshuhn.de\/wp-content\/uploads\/2021\/05\/P1060377-1024x768.jpg 1024w, https:\/\/schwarzeshuhn.de\/wp-content\/uploads\/2021\/05\/P1060377-300x225.jpg 300w, https:\/\/schwarzeshuhn.de\/wp-content\/uploads\/2021\/05\/P1060377-768x576.jpg 768w, https:\/\/schwarzeshuhn.de\/wp-content\/uploads\/2021\/05\/P1060377-1536x1152.jpg 1536w, https:\/\/schwarzeshuhn.de\/wp-content\/uploads\/2021\/05\/P1060377-2048x1536.jpg 2048w, https:\/\/schwarzeshuhn.de\/wp-content\/uploads\/2021\/05\/P1060377-1200x900.jpg 1200w\" sizes=\"(max-width: 709px) 85vw, (max-width: 909px) 67vw, (max-width: 1362px) 62vw, 840px\" \/><\/figure><\/li><li class=\"blocks-gallery-item\"><figure><img loading=\"lazy\" decoding=\"async\" width=\"1024\" height=\"576\" src=\"https:\/\/schwarzeshuhn.de\/wp-content\/uploads\/2021\/05\/IMG-20210514-WA0007-1024x576.jpg\" alt=\"\" data-id=\"512\" data-full-url=\"https:\/\/schwarzeshuhn.de\/wp-content\/uploads\/2021\/05\/IMG-20210514-WA0007.jpg\" data-link=\"https:\/\/schwarzeshuhn.de\/?attachment_id=512\" class=\"wp-image-512\" srcset=\"https:\/\/schwarzeshuhn.de\/wp-content\/uploads\/2021\/05\/IMG-20210514-WA0007-1024x576.jpg 1024w, https:\/\/schwarzeshuhn.de\/wp-content\/uploads\/2021\/05\/IMG-20210514-WA0007-300x169.jpg 300w, https:\/\/schwarzeshuhn.de\/wp-content\/uploads\/2021\/05\/IMG-20210514-WA0007-768x432.jpg 768w, https:\/\/schwarzeshuhn.de\/wp-content\/uploads\/2021\/05\/IMG-20210514-WA0007-1536x864.jpg 1536w, https:\/\/schwarzeshuhn.de\/wp-content\/uploads\/2021\/05\/IMG-20210514-WA0007-1200x675.jpg 1200w, https:\/\/schwarzeshuhn.de\/wp-content\/uploads\/2021\/05\/IMG-20210514-WA0007.jpg 1600w\" sizes=\"(max-width: 709px) 85vw, (max-width: 909px) 67vw, (max-width: 1362px) 62vw, 840px\" \/><\/figure><\/li><li class=\"blocks-gallery-item\"><figure><img loading=\"lazy\" decoding=\"async\" width=\"1024\" height=\"576\" src=\"https:\/\/schwarzeshuhn.de\/wp-content\/uploads\/2021\/05\/IMG-20210514-WA0002-1024x576.jpg\" alt=\"\" data-id=\"511\" data-full-url=\"https:\/\/schwarzeshuhn.de\/wp-content\/uploads\/2021\/05\/IMG-20210514-WA0002.jpg\" data-link=\"https:\/\/schwarzeshuhn.de\/?attachment_id=511\" class=\"wp-image-511\" srcset=\"https:\/\/schwarzeshuhn.de\/wp-content\/uploads\/2021\/05\/IMG-20210514-WA0002-1024x576.jpg 1024w, https:\/\/schwarzeshuhn.de\/wp-content\/uploads\/2021\/05\/IMG-20210514-WA0002-300x169.jpg 300w, https:\/\/schwarzeshuhn.de\/wp-content\/uploads\/2021\/05\/IMG-20210514-WA0002-768x432.jpg 768w, https:\/\/schwarzeshuhn.de\/wp-content\/uploads\/2021\/05\/IMG-20210514-WA0002-1536x864.jpg 1536w, https:\/\/schwarzeshuhn.de\/wp-content\/uploads\/2021\/05\/IMG-20210514-WA0002-1200x675.jpg 1200w, https:\/\/schwarzeshuhn.de\/wp-content\/uploads\/2021\/05\/IMG-20210514-WA0002.jpg 1600w\" sizes=\"(max-width: 709px) 85vw, (max-width: 909px) 67vw, (max-width: 1362px) 62vw, 840px\" \/><\/figure><\/li><li class=\"blocks-gallery-item\"><figure><img loading=\"lazy\" decoding=\"async\" width=\"1024\" height=\"576\" src=\"https:\/\/schwarzeshuhn.de\/wp-content\/uploads\/2021\/05\/IMG-20210514-WA0001-1024x576.jpg\" alt=\"\" data-id=\"510\" data-full-url=\"https:\/\/schwarzeshuhn.de\/wp-content\/uploads\/2021\/05\/IMG-20210514-WA0001.jpg\" data-link=\"https:\/\/schwarzeshuhn.de\/?attachment_id=510\" class=\"wp-image-510\" srcset=\"https:\/\/schwarzeshuhn.de\/wp-content\/uploads\/2021\/05\/IMG-20210514-WA0001-1024x576.jpg 1024w, https:\/\/schwarzeshuhn.de\/wp-content\/uploads\/2021\/05\/IMG-20210514-WA0001-300x169.jpg 300w, https:\/\/schwarzeshuhn.de\/wp-content\/uploads\/2021\/05\/IMG-20210514-WA0001-768x432.jpg 768w, https:\/\/schwarzeshuhn.de\/wp-content\/uploads\/2021\/05\/IMG-20210514-WA0001-1536x864.jpg 1536w, https:\/\/schwarzeshuhn.de\/wp-content\/uploads\/2021\/05\/IMG-20210514-WA0001-1200x675.jpg 1200w, https:\/\/schwarzeshuhn.de\/wp-content\/uploads\/2021\/05\/IMG-20210514-WA0001.jpg 1600w\" sizes=\"(max-width: 709px) 85vw, (max-width: 909px) 67vw, (max-width: 1362px) 62vw, 840px\" \/><\/figure><\/li><li class=\"blocks-gallery-item\"><figure><img loading=\"lazy\" decoding=\"async\" width=\"1024\" height=\"768\" src=\"https:\/\/schwarzeshuhn.de\/wp-content\/uploads\/2021\/05\/P1060383-1024x768.jpg\" alt=\"\" data-id=\"518\" data-full-url=\"https:\/\/schwarzeshuhn.de\/wp-content\/uploads\/2021\/05\/P1060383-scaled.jpg\" data-link=\"https:\/\/schwarzeshuhn.de\/?attachment_id=518\" class=\"wp-image-518\" srcset=\"https:\/\/schwarzeshuhn.de\/wp-content\/uploads\/2021\/05\/P1060383-1024x768.jpg 1024w, https:\/\/schwarzeshuhn.de\/wp-content\/uploads\/2021\/05\/P1060383-300x225.jpg 300w, https:\/\/schwarzeshuhn.de\/wp-content\/uploads\/2021\/05\/P1060383-768x576.jpg 768w, https:\/\/schwarzeshuhn.de\/wp-content\/uploads\/2021\/05\/P1060383-1536x1152.jpg 1536w, https:\/\/schwarzeshuhn.de\/wp-content\/uploads\/2021\/05\/P1060383-2048x1536.jpg 2048w, https:\/\/schwarzeshuhn.de\/wp-content\/uploads\/2021\/05\/P1060383-1200x900.jpg 1200w\" sizes=\"(max-width: 709px) 85vw, (max-width: 909px) 67vw, (max-width: 1362px) 62vw, 840px\" \/><\/figure><\/li><\/ul><\/figure>\n","protected":false},"excerpt":{"rendered":"<p>Danke!an Jez King f\u00fcr die tolle Musik,an die Kutscherstuben f\u00fcr das gute Essen,an unsere G\u00e4ste die alles leer getrunken haben,es war ein sch\u00f6ner Vatertag!<\/p>\n","protected":false},"author":1,"featured_media":0,"parent":0,"menu_order":0,"comment_status":"closed","ping_status":"closed","template":"","meta":{"footnotes":""},"class_list":["post-524","page","type-page","status-publish","hentry"],"_links":{"self":[{"href":"https:\/\/schwarzeshuhn.de\/index.php?rest_route=\/wp\/v2\/pages\/524"}],"collection":[{"href":"https:\/\/schwarzeshuhn.de\/index.php?rest_route=\/wp\/v2\/pages"}],"about":[{"href":"https:\/\/schwarzeshuhn.de\/index.php?rest_route=\/wp\/v2\/types\/page"}],"author":[{"embeddable":true,"href":"https:\/\/schwarzeshuhn.de\/index.php?rest_route=\/wp\/v2\/users\/1"}],"replies":[{"embeddable":true,"href":"https:\/\/schwarzeshuhn.de\/index.php?rest_route=%2Fwp%2Fv2%2Fcomments&post=524"}],"version-history":[{"count":1,"href":"https:\/\/schwarzeshuhn.de\/index.php?rest_route=\/wp\/v2\/pages\/524\/revisions"}],"predecessor-version":[{"id":525,"href":"https:\/\/schwarzeshuhn.de\/index.php?rest_route=\/wp\/v2\/pages\/524\/revisions\/525"}],"wp:attachment":[{"href":"https:\/\/schwarzeshuhn.de\/index.php?rest_route=%2Fwp%2Fv2%2Fmedia&parent=524"}],"curies":[{"name":"wp","href":"https:\/\/api.w.org\/{rel}","templated":true}]}}