{"id":1707,"date":"2025-01-20T21:52:42","date_gmt":"2025-01-20T20:52:42","guid":{"rendered":"https:\/\/schwarzeshuhn.de\/?page_id=1707"},"modified":"2025-02-08T21:15:39","modified_gmt":"2025-02-08T20:15:39","slug":"unser-bier","status":"publish","type":"page","link":"https:\/\/schwarzeshuhn.de\/?page_id=1707","title":{"rendered":"Unser Bier"},"content":{"rendered":"\n<p>Unser Bier kann man in folgenden Varianten kaufen: <\/p>\n\n\n\n<figure class=\"wp-block-image size-large\"><img loading=\"lazy\" decoding=\"async\" width=\"1024\" height=\"748\" src=\"https:\/\/schwarzeshuhn.de\/wp-content\/uploads\/2025\/01\/1000030622-1024x748.jpg\" alt=\"\" class=\"wp-image-1721\" srcset=\"https:\/\/schwarzeshuhn.de\/wp-content\/uploads\/2025\/01\/1000030622-1024x748.jpg 1024w, https:\/\/schwarzeshuhn.de\/wp-content\/uploads\/2025\/01\/1000030622-300x219.jpg 300w, https:\/\/schwarzeshuhn.de\/wp-content\/uploads\/2025\/01\/1000030622-768x561.jpg 768w, https:\/\/schwarzeshuhn.de\/wp-content\/uploads\/2025\/01\/1000030622-1536x1122.jpg 1536w, https:\/\/schwarzeshuhn.de\/wp-content\/uploads\/2025\/01\/1000030622-2048x1497.jpg 2048w, https:\/\/schwarzeshuhn.de\/wp-content\/uploads\/2025\/01\/1000030622-1200x877.jpg 1200w\" sizes=\"(max-width: 709px) 85vw, (max-width: 909px) 67vw, (max-width: 1362px) 62vw, 840px\" \/><\/figure>\n\n\n\n<p><\/p>\n\n\n\n<p><strong>Flaschen<\/strong>: <\/p>\n\n\n\n<ul class=\"wp-block-list\">\n<li>0,5 Liter Flasche (Einweg)<\/li>\n\n\n\n<li>1 Liter Flasche *<\/li>\n\n\n\n<li>2 Liter Flasche *<\/li>\n<\/ul>\n\n\n\n<p>* unsere 1 und 2 Liter Flaschen sind wiederbef\u00fcllbar. Bringen Sie diese vorbei und lassen Sie sie f\u00fcllen. Achtung: Eine Reinigung der Flaschen ist bei uns nicht m\u00f6glich, daher muss diese vor der Wiederbef\u00fcllung von Ihnen erfolgen.<\/p>\n\n\n\n<hr class=\"wp-block-separator has-alpha-channel-opacity\"\/>\n\n\n\n<p><strong>F\u00e4sser<\/strong>:<\/p>\n\n\n\n<ul class=\"wp-block-list\">\n<li>5 Liter Fass<\/li>\n\n\n\n<li>15 Liter<\/li>\n\n\n\n<li>20 Liter<\/li>\n\n\n\n<li>30 Liter<\/li>\n\n\n\n<li>50 Liter<\/li>\n<\/ul>\n\n\n\n<hr class=\"wp-block-separator has-alpha-channel-opacity\"\/>\n\n\n\n<p><strong>Weiteres<\/strong><\/p>\n\n\n\n<ul class=\"wp-block-list\">\n<li>Glas mit Logo (0,25 Liter)<\/li>\n\n\n\n<li>Geschenkkarton (2 Flaschen 0,5 Liter)<\/li>\n\n\n\n<li>Geschenkkarton mit Glas ( 2 Flaschen 0,5 Liter + 1 Glas)<\/li>\n<\/ul>\n\n\n\n<p><\/p>\n\n\n\n<figure class=\"wp-block-gallery has-nested-images columns-default is-cropped wp-block-gallery-1 is-layout-flex wp-block-gallery-is-layout-flex\">\n<figure class=\"wp-block-image size-large\"><img loading=\"lazy\" decoding=\"async\" width=\"655\" height=\"1024\" data-id=\"1731\" src=\"https:\/\/schwarzeshuhn.de\/wp-content\/uploads\/2025\/01\/1000030624-1-655x1024.jpg\" alt=\"\" class=\"wp-image-1731\" srcset=\"https:\/\/schwarzeshuhn.de\/wp-content\/uploads\/2025\/01\/1000030624-1-655x1024.jpg 655w, https:\/\/schwarzeshuhn.de\/wp-content\/uploads\/2025\/01\/1000030624-1-192x300.jpg 192w, https:\/\/schwarzeshuhn.de\/wp-content\/uploads\/2025\/01\/1000030624-1-768x1200.jpg 768w, https:\/\/schwarzeshuhn.de\/wp-content\/uploads\/2025\/01\/1000030624-1-983x1536.jpg 983w, https:\/\/schwarzeshuhn.de\/wp-content\/uploads\/2025\/01\/1000030624-1-1311x2048.jpg 1311w, https:\/\/schwarzeshuhn.de\/wp-content\/uploads\/2025\/01\/1000030624-1-1200x1875.jpg 1200w, https:\/\/schwarzeshuhn.de\/wp-content\/uploads\/2025\/01\/1000030624-1-scaled.jpg 1638w\" sizes=\"(max-width: 655px) 85vw, 655px\" \/><\/figure>\n\n\n\n<figure class=\"wp-block-image size-large\"><img loading=\"lazy\" decoding=\"async\" width=\"691\" height=\"1024\" data-id=\"1732\" src=\"https:\/\/schwarzeshuhn.de\/wp-content\/uploads\/2025\/01\/1000030625-1-691x1024.jpg\" alt=\"\" class=\"wp-image-1732\" srcset=\"https:\/\/schwarzeshuhn.de\/wp-content\/uploads\/2025\/01\/1000030625-1-691x1024.jpg 691w, https:\/\/schwarzeshuhn.de\/wp-content\/uploads\/2025\/01\/1000030625-1-202x300.jpg 202w, https:\/\/schwarzeshuhn.de\/wp-content\/uploads\/2025\/01\/1000030625-1-768x1138.jpg 768w, https:\/\/schwarzeshuhn.de\/wp-content\/uploads\/2025\/01\/1000030625-1-1036x1536.jpg 1036w, https:\/\/schwarzeshuhn.de\/wp-content\/uploads\/2025\/01\/1000030625-1-1382x2048.jpg 1382w, https:\/\/schwarzeshuhn.de\/wp-content\/uploads\/2025\/01\/1000030625-1-1200x1778.jpg 1200w, https:\/\/schwarzeshuhn.de\/wp-content\/uploads\/2025\/01\/1000030625-1-scaled.jpg 1727w\" sizes=\"(max-width: 691px) 85vw, 691px\" \/><\/figure>\n\n\n\n<figure class=\"wp-block-image size-large\"><img loading=\"lazy\" decoding=\"async\" width=\"698\" height=\"1024\" data-id=\"1733\" src=\"https:\/\/schwarzeshuhn.de\/wp-content\/uploads\/2025\/01\/1000030613-1-698x1024.jpg\" alt=\"\" class=\"wp-image-1733\" srcset=\"https:\/\/schwarzeshuhn.de\/wp-content\/uploads\/2025\/01\/1000030613-1-698x1024.jpg 698w, https:\/\/schwarzeshuhn.de\/wp-content\/uploads\/2025\/01\/1000030613-1-204x300.jpg 204w, https:\/\/schwarzeshuhn.de\/wp-content\/uploads\/2025\/01\/1000030613-1-768x1127.jpg 768w, https:\/\/schwarzeshuhn.de\/wp-content\/uploads\/2025\/01\/1000030613-1-1046x1536.jpg 1046w, https:\/\/schwarzeshuhn.de\/wp-content\/uploads\/2025\/01\/1000030613-1-1395x2048.jpg 1395w, https:\/\/schwarzeshuhn.de\/wp-content\/uploads\/2025\/01\/1000030613-1-1200x1761.jpg 1200w, https:\/\/schwarzeshuhn.de\/wp-content\/uploads\/2025\/01\/1000030613-1-scaled.jpg 1744w\" sizes=\"(max-width: 698px) 85vw, 698px\" \/><\/figure>\n\n\n\n<figure class=\"wp-block-image size-large\"><img loading=\"lazy\" decoding=\"async\" width=\"768\" height=\"1024\" data-id=\"1726\" src=\"https:\/\/schwarzeshuhn.de\/wp-content\/uploads\/2025\/01\/1000030614-768x1024.jpg\" alt=\"\" class=\"wp-image-1726\" srcset=\"https:\/\/schwarzeshuhn.de\/wp-content\/uploads\/2025\/01\/1000030614-768x1024.jpg 768w, https:\/\/schwarzeshuhn.de\/wp-content\/uploads\/2025\/01\/1000030614-225x300.jpg 225w, https:\/\/schwarzeshuhn.de\/wp-content\/uploads\/2025\/01\/1000030614-1152x1536.jpg 1152w, https:\/\/schwarzeshuhn.de\/wp-content\/uploads\/2025\/01\/1000030614-1536x2048.jpg 1536w, https:\/\/schwarzeshuhn.de\/wp-content\/uploads\/2025\/01\/1000030614-1200x1600.jpg 1200w, https:\/\/schwarzeshuhn.de\/wp-content\/uploads\/2025\/01\/1000030614-scaled.jpg 1920w\" sizes=\"(max-width: 768px) 85vw, 768px\" \/><\/figure>\n\n\n\n<figure class=\"wp-block-image size-large\"><img loading=\"lazy\" decoding=\"async\" width=\"694\" height=\"1024\" data-id=\"1734\" src=\"https:\/\/schwarzeshuhn.de\/wp-content\/uploads\/2025\/01\/1000030621-694x1024.jpg\" alt=\"\" class=\"wp-image-1734\" srcset=\"https:\/\/schwarzeshuhn.de\/wp-content\/uploads\/2025\/01\/1000030621-694x1024.jpg 694w, https:\/\/schwarzeshuhn.de\/wp-content\/uploads\/2025\/01\/1000030621-203x300.jpg 203w, https:\/\/schwarzeshuhn.de\/wp-content\/uploads\/2025\/01\/1000030621-768x1133.jpg 768w, https:\/\/schwarzeshuhn.de\/wp-content\/uploads\/2025\/01\/1000030621-1042x1536.jpg 1042w, https:\/\/schwarzeshuhn.de\/wp-content\/uploads\/2025\/01\/1000030621-1389x2048.jpg 1389w, https:\/\/schwarzeshuhn.de\/wp-content\/uploads\/2025\/01\/1000030621-1200x1770.jpg 1200w, https:\/\/schwarzeshuhn.de\/wp-content\/uploads\/2025\/01\/1000030621-scaled.jpg 1736w\" sizes=\"(max-width: 694px) 85vw, 694px\" \/><\/figure>\n<\/figure>\n","protected":false},"excerpt":{"rendered":"<p>Unser Bier kann man in folgenden Varianten kaufen: Flaschen: * unsere 1 und 2 Liter Flaschen sind wiederbef\u00fcllbar. Bringen Sie diese vorbei und lassen Sie sie f\u00fcllen. Achtung: Eine Reinigung der Flaschen ist bei uns nicht m\u00f6glich, daher muss diese vor der Wiederbef\u00fcllung von Ihnen erfolgen. F\u00e4sser: Weiteres<\/p>\n","protected":false},"author":1,"featured_media":0,"parent":0,"menu_order":0,"comment_status":"closed","ping_status":"closed","template":"","meta":{"footnotes":""},"class_list":["post-1707","page","type-page","status-publish","hentry"],"_links":{"self":[{"href":"https:\/\/schwarzeshuhn.de\/index.php?rest_route=\/wp\/v2\/pages\/1707"}],"collection":[{"href":"https:\/\/schwarzeshuhn.de\/index.php?rest_route=\/wp\/v2\/pages"}],"about":[{"href":"https:\/\/schwarzeshuhn.de\/index.php?rest_route=\/wp\/v2\/types\/page"}],"author":[{"embeddable":true,"href":"https:\/\/schwarzeshuhn.de\/index.php?rest_route=\/wp\/v2\/users\/1"}],"replies":[{"embeddable":true,"href":"https:\/\/schwarzeshuhn.de\/index.php?rest_route=%2Fwp%2Fv2%2Fcomments&post=1707"}],"version-history":[{"count":8,"href":"https:\/\/schwarzeshuhn.de\/index.php?rest_route=\/wp\/v2\/pages\/1707\/revisions"}],"predecessor-version":[{"id":1759,"href":"https:\/\/schwarzeshuhn.de\/index.php?rest_route=\/wp\/v2\/pages\/1707\/revisions\/1759"}],"wp:attachment":[{"href":"https:\/\/schwarzeshuhn.de\/index.php?rest_route=%2Fwp%2Fv2%2Fmedia&parent=1707"}],"curies":[{"name":"wp","href":"https:\/\/api.w.org\/{rel}","templated":true}]}}