{"id":1468,"date":"2024-11-29T21:15:03","date_gmt":"2024-11-29T20:15:03","guid":{"rendered":"https:\/\/schwarzeshuhn.de\/?page_id=1468"},"modified":"2024-11-29T22:13:09","modified_gmt":"2024-11-29T21:13:09","slug":"hier-sind-wir-zu-finden","status":"publish","type":"page","link":"https:\/\/schwarzeshuhn.de\/?page_id=1468","title":{"rendered":"Hier sind wir zu finden"},"content":{"rendered":"\n<p>Unsere offizielle Adresse lautet Hildesheimer Stra\u00dfe 8, 31188 Holle-Grasdorf.<\/p>\n\n\n\n<p>Den Weg zu uns findet ihr allerdings \u00fcber die Ohebergstra\u00dfe \u00fcber eine kleine Einfahrt neben der KFZ-Werkstatt gegen\u00fcber von der Pension Grasdorf.<\/p>\n\n\n\n<p>Wenige Parkpl\u00e4tze sind am Ende der Einfahrt verf\u00fcgbar (siehe unten)<\/p>\n\n\n\n<p><\/p>\n\n\n\n<iframe src=\"https:\/\/www.google.com\/maps\/embed?pb=!1m18!1m12!1m3!1d306.31060369439814!2d10.1644413!3d52.107306799999996!2m3!1f0!2f0!3f0!3m2!1i1024!2i768!4f13.1!3m3!1m2!1s0x47a55300268ff00b%3A0x7f0f7db327041621!2sSchwarzes%20Huhn!5e0!3m2!1sde!2sde!4v1732912254404!5m2!1sde!2sde\" width=\"600\" height=\"450\" style=\"border:0;\" allowfullscreen=\"\" loading=\"lazy\" referrerpolicy=\"no-referrer-when-downgrade\"><\/iframe>\n\n\n\n<figure class=\"wp-block-image size-large\"><img loading=\"lazy\" decoding=\"async\" width=\"1024\" height=\"575\" src=\"https:\/\/schwarzeshuhn.de\/wp-content\/uploads\/2024\/11\/Unbenannt-1-1024x575.png\" alt=\"\" class=\"wp-image-1489\" srcset=\"https:\/\/schwarzeshuhn.de\/wp-content\/uploads\/2024\/11\/Unbenannt-1-1024x575.png 1024w, https:\/\/schwarzeshuhn.de\/wp-content\/uploads\/2024\/11\/Unbenannt-1-300x168.png 300w, https:\/\/schwarzeshuhn.de\/wp-content\/uploads\/2024\/11\/Unbenannt-1-768x431.png 768w, https:\/\/schwarzeshuhn.de\/wp-content\/uploads\/2024\/11\/Unbenannt-1.png 1048w\" sizes=\"(max-width: 709px) 85vw, (max-width: 909px) 67vw, (max-width: 1362px) 62vw, 840px\" \/><\/figure>\n","protected":false},"excerpt":{"rendered":"<p>Unsere offizielle Adresse lautet Hildesheimer Stra\u00dfe 8, 31188 Holle-Grasdorf. Den Weg zu uns findet ihr allerdings \u00fcber die Ohebergstra\u00dfe \u00fcber eine kleine Einfahrt neben der KFZ-Werkstatt gegen\u00fcber von der Pension Grasdorf. Wenige Parkpl\u00e4tze sind am Ende der Einfahrt verf\u00fcgbar (siehe unten)<\/p>\n","protected":false},"author":1,"featured_media":0,"parent":0,"menu_order":0,"comment_status":"closed","ping_status":"closed","template":"","meta":{"footnotes":""},"class_list":["post-1468","page","type-page","status-publish","hentry"],"_links":{"self":[{"href":"https:\/\/schwarzeshuhn.de\/index.php?rest_route=\/wp\/v2\/pages\/1468"}],"collection":[{"href":"https:\/\/schwarzeshuhn.de\/index.php?rest_route=\/wp\/v2\/pages"}],"about":[{"href":"https:\/\/schwarzeshuhn.de\/index.php?rest_route=\/wp\/v2\/types\/page"}],"author":[{"embeddable":true,"href":"https:\/\/schwarzeshuhn.de\/index.php?rest_route=\/wp\/v2\/users\/1"}],"replies":[{"embeddable":true,"href":"https:\/\/schwarzeshuhn.de\/index.php?rest_route=%2Fwp%2Fv2%2Fcomments&post=1468"}],"version-history":[{"count":12,"href":"https:\/\/schwarzeshuhn.de\/index.php?rest_route=\/wp\/v2\/pages\/1468\/revisions"}],"predecessor-version":[{"id":1492,"href":"https:\/\/schwarzeshuhn.de\/index.php?rest_route=\/wp\/v2\/pages\/1468\/revisions\/1492"}],"wp:attachment":[{"href":"https:\/\/schwarzeshuhn.de\/index.php?rest_route=%2Fwp%2Fv2%2Fmedia&parent=1468"}],"curies":[{"name":"wp","href":"https:\/\/api.w.org\/{rel}","templated":true}]}}