{"id":109,"date":"2020-04-03T16:02:07","date_gmt":"2020-04-03T14:02:07","guid":{"rendered":"http:\/\/schwarzeshuhn.de\/?page_id=109"},"modified":"2026-03-05T16:55:30","modified_gmt":"2026-03-05T15:55:30","slug":"wir-sind-die-brauer","status":"publish","type":"page","link":"https:\/\/schwarzeshuhn.de\/?page_id=109","title":{"rendered":"Wir sind die Brauer"},"content":{"rendered":"\n<p>Die Braugruppe \u201eSchwarzes Huhn\u201c hat sich &nbsp;im Jahre 2008 zusammengefunden, um f\u00fcr ein Dorffest in Grasdorf im Sommer 2009 etwas Ausgefallenes zum Trinken im Angebot zu haben. 1\u00bd Jahre des Forschens, Brauens, Ger\u00e4tebauens und Verkostens waren n\u00f6tig, um dann auf diesem Dorffest die erste Gro\u00dfmenge von 300 Litern anzubieten. Es war ein sch\u00f6ner Erfolg.<\/p>\n\n\n\n<p>Die derzeitige Kapazit\u00e4t liegt bei 400 Litern pro Brauvorgang. Gebraut wird&nbsp; in Grasdorf traditionell&nbsp; in reiner&nbsp; Handarbeit.<\/p>\n\n\n<div class=\"wp-block-image is-style-default\">\n<figure class=\"aligncenter size-large is-resized\"><img loading=\"lazy\" decoding=\"async\" width=\"593\" height=\"596\" src=\"https:\/\/schwarzeshuhn.de\/wp-content\/uploads\/2020\/04\/Biermanufaktur-1-.jpg\" alt=\"\" class=\"wp-image-291\" style=\"width:121px;height:122px\" srcset=\"https:\/\/schwarzeshuhn.de\/wp-content\/uploads\/2020\/04\/Biermanufaktur-1-.jpg 593w, https:\/\/schwarzeshuhn.de\/wp-content\/uploads\/2020\/04\/Biermanufaktur-1--298x300.jpg 298w, https:\/\/schwarzeshuhn.de\/wp-content\/uploads\/2020\/04\/Biermanufaktur-1--150x150.jpg 150w\" sizes=\"(max-width: 593px) 85vw, 593px\" \/><\/figure><\/div>\n\n\n<p>Die Braugruppe besteht aus folgenden Personen:<\/p>\n\n\n\n<p>Horst-G\u00fcnther Bode<\/p>\n\n\n\n<p>Dietrich Hoffmeyer \u2020<\/p>\n\n\n\n<p>Heinz Husemann<\/p>\n\n\n\n<p>Hans-Adolf Knopp<\/p>\n\n\n\n<p>Stefan K\u00f6nneke<\/p>\n\n\n\n<p>G\u00f6tz Vahl \u2020<\/p>\n\n\n\n<p>Volker Eggers<\/p>\n\n\n\n<p>Roland Ludwig<\/p>\n\n\n\n<p><\/p>\n\n\n\n<p><\/p>\n\n\n\n<p><\/p>\n","protected":false},"excerpt":{"rendered":"<p>Die Braugruppe \u201eSchwarzes Huhn\u201c hat sich &nbsp;im Jahre 2008 zusammengefunden, um f\u00fcr ein Dorffest in Grasdorf im Sommer 2009 etwas Ausgefallenes zum Trinken im Angebot zu haben. 1\u00bd Jahre des Forschens, Brauens, Ger\u00e4tebauens und Verkostens waren n\u00f6tig, um dann auf diesem Dorffest die erste Gro\u00dfmenge von 300 Litern anzubieten. Es war ein sch\u00f6ner Erfolg. Die &hellip; <a href=\"https:\/\/schwarzeshuhn.de\/?page_id=109\" class=\"more-link\"><span class=\"screen-reader-text\">\u201eWir sind die Brauer\u201c<\/span> weiterlesen<\/a><\/p>\n","protected":false},"author":1,"featured_media":0,"parent":0,"menu_order":0,"comment_status":"closed","ping_status":"closed","template":"","meta":{"footnotes":""},"class_list":["post-109","page","type-page","status-publish","hentry"],"_links":{"self":[{"href":"https:\/\/schwarzeshuhn.de\/index.php?rest_route=\/wp\/v2\/pages\/109"}],"collection":[{"href":"https:\/\/schwarzeshuhn.de\/index.php?rest_route=\/wp\/v2\/pages"}],"about":[{"href":"https:\/\/schwarzeshuhn.de\/index.php?rest_route=\/wp\/v2\/types\/page"}],"author":[{"embeddable":true,"href":"https:\/\/schwarzeshuhn.de\/index.php?rest_route=\/wp\/v2\/users\/1"}],"replies":[{"embeddable":true,"href":"https:\/\/schwarzeshuhn.de\/index.php?rest_route=%2Fwp%2Fv2%2Fcomments&post=109"}],"version-history":[{"count":16,"href":"https:\/\/schwarzeshuhn.de\/index.php?rest_route=\/wp\/v2\/pages\/109\/revisions"}],"predecessor-version":[{"id":1872,"href":"https:\/\/schwarzeshuhn.de\/index.php?rest_route=\/wp\/v2\/pages\/109\/revisions\/1872"}],"wp:attachment":[{"href":"https:\/\/schwarzeshuhn.de\/index.php?rest_route=%2Fwp%2Fv2%2Fmedia&parent=109"}],"curies":[{"name":"wp","href":"https:\/\/api.w.org\/{rel}","templated":true}]}}